{"id":1359,"date":"2025-12-24T22:11:12","date_gmt":"2025-12-24T21:11:12","guid":{"rendered":"https:\/\/origin.yoomedoo.com\/?post_type=product&#038;p=1359"},"modified":"2026-03-20T15:53:45","modified_gmt":"2026-03-20T14:53:45","slug":"gps-yoomedoo-pro","status":"publish","type":"product","link":"https:\/\/origin.yoomedoo.com\/en\/product\/gps-yoomedoo-pro\/","title":{"rendered":"GPS Yoomedoo PRO"},"content":{"rendered":"<blockquote><p>\u201cDeja de adivinar. Empieza a mejorar.\u201d<\/p><\/blockquote>\n<p>El YOOMEDOO PRO es el GPS de alto rendimiento que ya est\u00e1 homologado por FIFA, y es totalmente compatible con chalecos de frecuencia card\u00edaca autorizados para uso en competici\u00f3n oficial.<\/p>\n<p>Este dispositivo es perfecto para sesiones de entrenamiento, partidos y an\u00e1lisis t\u00e9cnico t\u00e1ctico a nivel de club o usuarios que quieran ser profesionales.<\/p>\n<p>\ud83c\udfaf M\u00e9tricas clave + datos t\u00e1cticos.<br \/>\n\ud83c\udfaf Integraci\u00f3n f\u00e1cil con la app Yoomedoo Coach.<br \/>\n\ud83c\udfaf Aprobado para ser usado en contexto de competici\u00f3n oficial.<\/p>\n<p>\ud83d\udc49 Porque si es v\u00e1lido para la FIFA, es v\u00e1lido para tu pr\u00f3ximo gran paso.<\/p>\n<p>&nbsp;<\/p>\n<h2>Especificaciones t\u00e9cnicas<\/h2>\n<ul>\n<li>\u2705 Homologaci\u00f3n: aprobado por FIFA<\/li>\n<li>\u2705 Uso permitido: en partidos oficiales y torneos<\/li>\n<li>\u2705 Compatibilidad: con chalecos de FC autorizados por normativa internacional<\/li>\n<li>\ud83d\udd0b Autonom\u00eda: hasta 7 horas<\/li>\n<li>\u26a1 Carga por USB-C o estaci\u00f3n<\/li>\n<li>\ud83d\udce1 GPS de alta precisi\u00f3n + aceler\u00f3metro + sensores internos<\/li>\n<li>\ud83d\udcc8 M\u00e9tricas:\n<ul>\n<li>Velocidad, distancia, sprints<\/li>\n<li>Datos t\u00e1cticos<\/li>\n<li>Mapas de calor, comparativas<\/li>\n<li>Exportaci\u00f3n PDF\/CSV<\/li>\n<\/ul>\n<\/li>\n<li>\ud83e\udde0 Ideal para: Academias, clubes, entrenadores f\u00edsicos<\/li>\n<\/ul>","protected":false},"excerpt":{"rendered":"<p>\u201cDeja de adivinar. Empieza a mejorar.\u201d El YOOMEDOO PRO es el GPS de alto rendimiento que ya est\u00e1 homologado por FIFA, y es totalmente compatible con chalecos de frecuencia card\u00edaca autorizados para uso en competici\u00f3n oficial. Este dispositivo es perfecto para sesiones de entrenamiento, partidos y an\u00e1lisis t\u00e9cnico t\u00e1ctico a nivel de club o usuarios [&hellip;]<\/p>\n","protected":false},"featured_media":854,"comment_status":"open","ping_status":"closed","template":"","meta":[],"product_brand":[],"product_cat":[19],"product_tag":[],"class_list":{"0":"post-1359","1":"product","2":"type-product","3":"status-publish","4":"has-post-thumbnail","6":"product_cat-sin-categorizar","8":"first","9":"instock","10":"shipping-taxable","11":"product-type-simple"},"_links":{"self":[{"href":"https:\/\/origin.yoomedoo.com\/en\/wp-json\/wp\/v2\/product\/1359","targetHints":{"allow":["GET"]}}],"collection":[{"href":"https:\/\/origin.yoomedoo.com\/en\/wp-json\/wp\/v2\/product"}],"about":[{"href":"https:\/\/origin.yoomedoo.com\/en\/wp-json\/wp\/v2\/types\/product"}],"replies":[{"embeddable":true,"href":"https:\/\/origin.yoomedoo.com\/en\/wp-json\/wp\/v2\/comments?post=1359"}],"wp:featuredmedia":[{"embeddable":true,"href":"https:\/\/origin.yoomedoo.com\/en\/wp-json\/wp\/v2\/media\/854"}],"wp:attachment":[{"href":"https:\/\/origin.yoomedoo.com\/en\/wp-json\/wp\/v2\/media?parent=1359"}],"wp:term":[{"taxonomy":"product_brand","embeddable":true,"href":"https:\/\/origin.yoomedoo.com\/en\/wp-json\/wp\/v2\/product_brand?post=1359"},{"taxonomy":"product_cat","embeddable":true,"href":"https:\/\/origin.yoomedoo.com\/en\/wp-json\/wp\/v2\/product_cat?post=1359"},{"taxonomy":"product_tag","embeddable":true,"href":"https:\/\/origin.yoomedoo.com\/en\/wp-json\/wp\/v2\/product_tag?post=1359"}],"curies":[{"name":"wp","href":"https:\/\/api.w.org\/{rel}","templated":true}]}}